{"id":543,"date":"2020-07-16T22:15:51","date_gmt":"2020-07-17T01:15:51","guid":{"rendered":"https:\/\/marcelosantillanproducciones.com\/?page_id=543"},"modified":"2025-01-16T15:42:06","modified_gmt":"2025-01-16T18:42:06","slug":"la-productora","status":"publish","type":"page","link":"https:\/\/marcelosantillanproducciones.com\/index.php\/la-productora\/","title":{"rendered":"La Productora"},"content":{"rendered":"\t\t<div data-elementor-type=\"wp-page\" data-elementor-id=\"543\" class=\"elementor elementor-543\">\n\t\t\t\t\t\t<section class=\"elementor-section elementor-top-section elementor-element elementor-element-9823418 elementor-section-boxed elementor-section-height-default elementor-section-height-default\" data-id=\"9823418\" data-element_type=\"section\" data-e-type=\"section\" data-settings=\"{&quot;background_background&quot;:&quot;classic&quot;}\">\n\t\t\t\t\t\t<div class=\"elementor-container elementor-column-gap-default\">\n\t\t\t\t\t<div class=\"elementor-column elementor-col-50 elementor-top-column elementor-element elementor-element-6cb6d1e\" data-id=\"6cb6d1e\" data-element_type=\"column\" data-e-type=\"column\">\n\t\t\t<div class=\"elementor-widget-wrap elementor-element-populated\">\n\t\t\t\t\t\t<div class=\"elementor-element elementor-element-65200c1 elementor-widget elementor-widget-image\" data-id=\"65200c1\" data-element_type=\"widget\" data-e-type=\"widget\" data-widget_type=\"image.default\">\n\t\t\t\t<div class=\"elementor-widget-container\">\n\t\t\t\t\t\t\t\t\t\t\t\t\t\t\t<img fetchpriority=\"high\" decoding=\"async\" width=\"580\" height=\"326\" src=\"https:\/\/marcelosantillanproducciones.com\/wp-content\/uploads\/2025\/01\/IMG-20250113-WA0012-1024x576.jpg\" class=\"attachment-large size-large wp-image-778\" alt=\"\" srcset=\"https:\/\/marcelosantillanproducciones.com\/wp-content\/uploads\/2025\/01\/IMG-20250113-WA0012-1024x576.jpg 1024w, https:\/\/marcelosantillanproducciones.com\/wp-content\/uploads\/2025\/01\/IMG-20250113-WA0012-300x169.jpg 300w, https:\/\/marcelosantillanproducciones.com\/wp-content\/uploads\/2025\/01\/IMG-20250113-WA0012-768x432.jpg 768w, https:\/\/marcelosantillanproducciones.com\/wp-content\/uploads\/2025\/01\/IMG-20250113-WA0012-1536x864.jpg 1536w, https:\/\/marcelosantillanproducciones.com\/wp-content\/uploads\/2025\/01\/IMG-20250113-WA0012-1200x675.jpg 1200w, https:\/\/marcelosantillanproducciones.com\/wp-content\/uploads\/2025\/01\/IMG-20250113-WA0012.jpg 1600w\" sizes=\"(max-width: 580px) 100vw, 580px\" \/>\t\t\t\t\t\t\t\t\t\t\t\t\t\t\t<\/div>\n\t\t\t\t<\/div>\n\t\t\t\t\t<\/div>\n\t\t<\/div>\n\t\t\t\t<div class=\"elementor-column elementor-col-50 elementor-top-column elementor-element elementor-element-7d9c21c\" data-id=\"7d9c21c\" data-element_type=\"column\" data-e-type=\"column\">\n\t\t\t<div class=\"elementor-widget-wrap elementor-element-populated\">\n\t\t\t\t\t\t<div class=\"elementor-element elementor-element-e89fcca elementor-widget elementor-widget-heading\" data-id=\"e89fcca\" data-element_type=\"widget\" data-e-type=\"widget\" data-widget_type=\"heading.default\">\n\t\t\t\t<div class=\"elementor-widget-container\">\n\t\t\t\t\t<h2 class=\"elementor-heading-title elementor-size-default\">MARCELO SANTILL\u00c1N PRODUCCIONES<\/h2>\t\t\t\t<\/div>\n\t\t\t\t<\/div>\n\t\t\t\t<div class=\"elementor-element elementor-element-35fe378 elementor-widget elementor-widget-text-editor\" data-id=\"35fe378\" data-element_type=\"widget\" data-e-type=\"widget\" data-widget_type=\"text-editor.default\">\n\t\t\t\t<div class=\"elementor-widget-container\">\n\t\t\t\t\t\t\t\t\t<p>Con m\u00e1s de 15 a\u00f1os de experiencia, somos una empresa dedicada a la representaci\u00f3n de artistas y modelos.<\/p><p>Brindamos representaci\u00f3n, producci\u00f3n y composici\u00f3n de obras teatrales y espect\u00e1culos musicales.<\/p>\t\t\t\t\t\t\t\t<\/div>\n\t\t\t\t<\/div>\n\t\t\t\t\t<\/div>\n\t\t<\/div>\n\t\t\t\t\t<\/div>\n\t\t<\/section>\n\t\t\t\t<section class=\"elementor-section elementor-top-section elementor-element elementor-element-d7d8bbb elementor-section-boxed elementor-section-height-default elementor-section-height-default\" data-id=\"d7d8bbb\" data-element_type=\"section\" data-e-type=\"section\" data-settings=\"{&quot;background_background&quot;:&quot;classic&quot;}\">\n\t\t\t\t\t\t<div class=\"elementor-container elementor-column-gap-default\">\n\t\t\t\t\t<div class=\"elementor-column elementor-col-50 elementor-top-column elementor-element elementor-element-a52790e\" data-id=\"a52790e\" data-element_type=\"column\" data-e-type=\"column\">\n\t\t\t<div class=\"elementor-widget-wrap elementor-element-populated\">\n\t\t\t\t\t\t<div class=\"elementor-element elementor-element-6102534 elementor-widget elementor-widget-text-editor\" data-id=\"6102534\" data-element_type=\"widget\" data-e-type=\"widget\" data-widget_type=\"text-editor.default\">\n\t\t\t\t<div class=\"elementor-widget-container\">\n\t\t\t\t\t\t\t\t\t<p>Tambi\u00e9n ofrecemos un servicio de producci\u00f3n de contenidos televisivos.<\/p><p>Tambi\u00e9n contamos con servicios de animaci\u00f3n de eventos con espect\u00e1culos musicales, humor, actuaci\u00f3n y diferentes especialidades de entretenimiento.<\/p>\t\t\t\t\t\t\t\t<\/div>\n\t\t\t\t<\/div>\n\t\t\t\t\t<\/div>\n\t\t<\/div>\n\t\t\t\t<div class=\"elementor-column elementor-col-50 elementor-top-column elementor-element elementor-element-0e44db2\" data-id=\"0e44db2\" data-element_type=\"column\" data-e-type=\"column\">\n\t\t\t<div class=\"elementor-widget-wrap elementor-element-populated\">\n\t\t\t\t\t\t<div class=\"elementor-element elementor-element-dee90c0 elementor-widget elementor-widget-image\" data-id=\"dee90c0\" data-element_type=\"widget\" data-e-type=\"widget\" data-widget_type=\"image.default\">\n\t\t\t\t<div class=\"elementor-widget-container\">\n\t\t\t\t\t\t\t\t\t\t\t\t\t\t\t<img decoding=\"async\" width=\"300\" height=\"290\" src=\"https:\/\/marcelosantillanproducciones.com\/wp-content\/uploads\/2025\/01\/marcelo-santillan-producciones-perfil-300x290.png\" class=\"attachment-medium size-medium wp-image-825\" alt=\"\" srcset=\"https:\/\/marcelosantillanproducciones.com\/wp-content\/uploads\/2025\/01\/marcelo-santillan-producciones-perfil-300x290.png 300w, https:\/\/marcelosantillanproducciones.com\/wp-content\/uploads\/2025\/01\/marcelo-santillan-producciones-perfil.png 711w\" sizes=\"(max-width: 300px) 100vw, 300px\" \/>\t\t\t\t\t\t\t\t\t\t\t\t\t\t\t<\/div>\n\t\t\t\t<\/div>\n\t\t\t\t\t<\/div>\n\t\t<\/div>\n\t\t\t\t\t<\/div>\n\t\t<\/section>\n\t\t\t\t<section class=\"elementor-section elementor-top-section elementor-element elementor-element-33a8d19 elementor-section-boxed elementor-section-height-default elementor-section-height-default\" data-id=\"33a8d19\" data-element_type=\"section\" data-e-type=\"section\">\n\t\t\t\t\t\t<div class=\"elementor-container elementor-column-gap-default\">\n\t\t\t\t\t<div class=\"elementor-column elementor-col-50 elementor-top-column elementor-element elementor-element-893d512\" data-id=\"893d512\" data-element_type=\"column\" data-e-type=\"column\">\n\t\t\t<div class=\"elementor-widget-wrap elementor-element-populated\">\n\t\t\t\t\t\t<div class=\"elementor-element elementor-element-9d8cfaf elementor-widget elementor-widget-testimonial\" data-id=\"9d8cfaf\" data-element_type=\"widget\" data-e-type=\"widget\" data-widget_type=\"testimonial.default\">\n\t\t\t\t<div class=\"elementor-widget-container\">\n\t\t\t\t\t\t\t<div class=\"elementor-testimonial-wrapper\">\n\t\t\t\n\t\t\t\t\t\t<div class=\"elementor-testimonial-meta elementor-has-image elementor-testimonial-image-position-top\">\n\t\t\t\t<div class=\"elementor-testimonial-meta-inner\">\n\t\t\t\t\t\t\t\t\t\t\t<div class=\"elementor-testimonial-image\">\n\t\t\t\t\t\t\t<img decoding=\"async\" width=\"720\" height=\"400\" src=\"https:\/\/marcelosantillanproducciones.com\/wp-content\/uploads\/2020\/07\/WhatsApp-Image-2020-07-08-at-6.04.50-PM.jpeg\" class=\"attachment-full size-full wp-image-647\" alt=\"\" srcset=\"https:\/\/marcelosantillanproducciones.com\/wp-content\/uploads\/2020\/07\/WhatsApp-Image-2020-07-08-at-6.04.50-PM.jpeg 720w, https:\/\/marcelosantillanproducciones.com\/wp-content\/uploads\/2020\/07\/WhatsApp-Image-2020-07-08-at-6.04.50-PM-300x167.jpeg 300w\" sizes=\"(max-width: 720px) 100vw, 720px\" \/>\t\t\t\t\t\t<\/div>\n\t\t\t\t\t\n\t\t\t\t\t\t\t\t\t<\/div>\n\t\t\t<\/div>\n\t\t\t\t\t<\/div>\n\t\t\t\t\t\t<\/div>\n\t\t\t\t<\/div>\n\t\t\t\t\t<\/div>\n\t\t<\/div>\n\t\t\t\t<div class=\"elementor-column elementor-col-50 elementor-top-column elementor-element elementor-element-82032e7\" data-id=\"82032e7\" data-element_type=\"column\" data-e-type=\"column\">\n\t\t\t<div class=\"elementor-widget-wrap elementor-element-populated\">\n\t\t\t\t\t\t<div class=\"elementor-element elementor-element-590c5b5 elementor-widget elementor-widget-heading\" data-id=\"590c5b5\" data-element_type=\"widget\" data-e-type=\"widget\" data-widget_type=\"heading.default\">\n\t\t\t\t<div class=\"elementor-widget-container\">\n\t\t\t\t\t<h2 class=\"elementor-heading-title elementor-size-default\">Un poco sobre m\u00ed<\/h2>\t\t\t\t<\/div>\n\t\t\t\t<\/div>\n\t\t\t\t<div class=\"elementor-element elementor-element-3cdd20d elementor-widget elementor-widget-text-editor\" data-id=\"3cdd20d\" data-element_type=\"widget\" data-e-type=\"widget\" data-widget_type=\"text-editor.default\">\n\t\t\t\t<div class=\"elementor-widget-container\">\n\t\t\t\t\t\t\t\t\t<p>Soy Marcelo Santill\u00e1n. Comunicador, productor de contenidos y representante de artistas. Mi pasi\u00f3n son los medios y brindar producciones de calidad.<\/p>\t\t\t\t\t\t\t\t<\/div>\n\t\t\t\t<\/div>\n\t\t\t\t\t<\/div>\n\t\t<\/div>\n\t\t\t\t\t<\/div>\n\t\t<\/section>\n\t\t\t\t<section class=\"elementor-section elementor-top-section elementor-element elementor-element-31fec82 elementor-section-boxed elementor-section-height-default elementor-section-height-default\" data-id=\"31fec82\" data-element_type=\"section\" data-e-type=\"section\" data-settings=\"{&quot;background_background&quot;:&quot;classic&quot;}\">\n\t\t\t\t\t\t<div class=\"elementor-container elementor-column-gap-default\">\n\t\t\t\t\t<div class=\"elementor-column elementor-col-50 elementor-top-column elementor-element elementor-element-22e8f89\" data-id=\"22e8f89\" data-element_type=\"column\" data-e-type=\"column\" data-settings=\"{&quot;background_background&quot;:&quot;classic&quot;}\">\n\t\t\t<div class=\"elementor-widget-wrap elementor-element-populated\">\n\t\t\t\t\t\t<div class=\"elementor-element elementor-element-5f3e630 elementor-widget elementor-widget-text-editor\" data-id=\"5f3e630\" data-element_type=\"widget\" data-e-type=\"widget\" data-widget_type=\"text-editor.default\">\n\t\t\t\t<div class=\"elementor-widget-container\">\n\t\t\t\t\t\t\t\t\t<p>Comenc\u00e9 mi paso por los medios en una emisora radial de la zona de Monte Grande llamada Sentimientos, sobre la calle Esqui\u00fa a la vuelta de la escuela de educaci\u00f3n Secundaria N 12 &#8220;Gobernador Mariano Saavedra&#8221;, en la que curs\u00e9 los \u00faltimos a\u00f1os del secundario.<\/p><p>Fue en esos tiempos que unos estudiantes crearon una emisora radial para divertirse y es as\u00ed c\u00f3mo descubr\u00ed la pasi\u00f3n por los medios ya que la radio fue muy popular en esos momentos y fui invitado a realizar un programa llamado Music Kids.<\/p><p>Luego de unos a\u00f1os me invitaron a formar parte del programa radial producido por Alberto Mayol junto a su Hija Maria Laura Mayol llamado &#8220;Volviendo a casa&#8221; para levantar la &#8220;depresi\u00f3n de los domingos&#8221; con el cual ganamos un premio zonal, por mejor programa de inter\u00e9s general.<\/p><p>Fue con Alberto Mayol productor radial, televisivo, teatral y publicista y de esa manera me form\u00e9 dentro del ambiente televisivo.<\/p><p>En la actualidad me encuentro al frente de la Productora Marcelo Santillan Producciones donde llevo varios trabajos realizados con diferentes artistas de diferentes g\u00e9neros musicales como ser tango, rap, cumbia, cumbia y pop.<\/p><p>Tambi\u00e9n trabajo en la producci\u00f3n de diferentes campa\u00f1as publicitarias.<\/p><p>Hoy estoy al frente un proyecto en crecimiento que es &#8220;Noche ATR&#8221;, un programa de m\u00fasica y entretenimiento por el que pasan numerosas figuras art\u00edsticas.<\/p>\t\t\t\t\t\t\t\t<\/div>\n\t\t\t\t<\/div>\n\t\t\t\t\t<\/div>\n\t\t<\/div>\n\t\t\t\t<div class=\"elementor-column elementor-col-50 elementor-top-column elementor-element elementor-element-9666858\" data-id=\"9666858\" data-element_type=\"column\" data-e-type=\"column\">\n\t\t\t<div class=\"elementor-widget-wrap elementor-element-populated\">\n\t\t\t\t\t\t<div class=\"elementor-element elementor-element-6996b54 elementor-widget elementor-widget-image\" data-id=\"6996b54\" data-element_type=\"widget\" data-e-type=\"widget\" data-widget_type=\"image.default\">\n\t\t\t\t<div class=\"elementor-widget-container\">\n\t\t\t\t\t\t\t\t\t\t\t\t\t\t\t<img loading=\"lazy\" decoding=\"async\" width=\"580\" height=\"725\" src=\"https:\/\/marcelosantillanproducciones.com\/wp-content\/uploads\/2020\/07\/foto-cv.jpeg\" class=\"attachment-large size-large wp-image-693\" alt=\"\" srcset=\"https:\/\/marcelosantillanproducciones.com\/wp-content\/uploads\/2020\/07\/foto-cv.jpeg 584w, https:\/\/marcelosantillanproducciones.com\/wp-content\/uploads\/2020\/07\/foto-cv-240x300.jpeg 240w\" sizes=\"(max-width: 580px) 100vw, 580px\" \/>\t\t\t\t\t\t\t\t\t\t\t\t\t\t\t<\/div>\n\t\t\t\t<\/div>\n\t\t\t\t\t<\/div>\n\t\t<\/div>\n\t\t\t\t\t<\/div>\n\t\t<\/section>\n\t\t\t\t<section class=\"elementor-section elementor-top-section elementor-element elementor-element-d8b89c6 elementor-section-content-middle elementor-section-boxed elementor-section-height-default elementor-section-height-default\" data-id=\"d8b89c6\" data-element_type=\"section\" data-e-type=\"section\" data-settings=\"{&quot;background_background&quot;:&quot;classic&quot;}\">\n\t\t\t\t\t\t\t<div class=\"elementor-background-overlay\"><\/div>\n\t\t\t\t\t\t\t<div class=\"elementor-container elementor-column-gap-default\">\n\t\t\t\t\t<div class=\"elementor-column elementor-col-100 elementor-top-column elementor-element elementor-element-dd60e78\" data-id=\"dd60e78\" data-element_type=\"column\" data-e-type=\"column\">\n\t\t\t<div class=\"elementor-widget-wrap elementor-element-populated\">\n\t\t\t\t\t\t<div class=\"elementor-element elementor-element-cb4cda7 elementor-arrows-position-inside elementor-widget elementor-widget-image-carousel\" data-id=\"cb4cda7\" data-element_type=\"widget\" data-e-type=\"widget\" data-settings=\"{&quot;navigation&quot;:&quot;arrows&quot;,&quot;autoplay&quot;:&quot;yes&quot;,&quot;pause_on_hover&quot;:&quot;yes&quot;,&quot;pause_on_interaction&quot;:&quot;yes&quot;,&quot;autoplay_speed&quot;:5000,&quot;infinite&quot;:&quot;yes&quot;,&quot;speed&quot;:500}\" data-widget_type=\"image-carousel.default\">\n\t\t\t\t<div class=\"elementor-widget-container\">\n\t\t\t\t\t\t\t<div class=\"elementor-image-carousel-wrapper swiper\" role=\"region\" aria-roledescription=\"carousel\" aria-label=\"Carrusel de im\u00e1genes\" dir=\"ltr\">\n\t\t\t<div class=\"elementor-image-carousel swiper-wrapper\" aria-live=\"off\">\n\t\t\t\t\t\t\t\t<div class=\"swiper-slide\" role=\"group\" aria-roledescription=\"slide\" aria-label=\"1 of 16\"><figure class=\"swiper-slide-inner\"><img decoding=\"async\" class=\"swiper-slide-image\" src=\"https:\/\/marcelosantillanproducciones.com\/wp-content\/uploads\/2025\/01\/alcides-en-noche-atr-1-300x184.png\" alt=\"alcides en noche atr\" \/><\/figure><\/div><div class=\"swiper-slide\" role=\"group\" aria-roledescription=\"slide\" aria-label=\"2 of 16\"><figure class=\"swiper-slide-inner\"><img decoding=\"async\" class=\"swiper-slide-image\" src=\"https:\/\/marcelosantillanproducciones.com\/wp-content\/uploads\/2025\/01\/IMG-20250113-WA0019-300x169.jpg\" alt=\"Marcelo Santill\u00e1n Producciones con Cacho Rubio\" \/><\/figure><\/div><div class=\"swiper-slide\" role=\"group\" aria-roledescription=\"slide\" aria-label=\"3 of 16\"><figure class=\"swiper-slide-inner\"><img decoding=\"async\" class=\"swiper-slide-image\" src=\"https:\/\/marcelosantillanproducciones.com\/wp-content\/uploads\/2025\/01\/Fiesta-en-noche-atr-1-300x164.png\" alt=\"Fiesta en noche atr\" \/><\/figure><\/div><div class=\"swiper-slide\" role=\"group\" aria-roledescription=\"slide\" aria-label=\"4 of 16\"><figure class=\"swiper-slide-inner\"><img decoding=\"async\" class=\"swiper-slide-image\" src=\"https:\/\/marcelosantillanproducciones.com\/wp-content\/uploads\/2025\/01\/IMG-20250113-WA0021-300x169.jpg\" alt=\"IMG-20250113-WA0021\" \/><\/figure><\/div><div class=\"swiper-slide\" role=\"group\" aria-roledescription=\"slide\" aria-label=\"5 of 16\"><figure class=\"swiper-slide-inner\"><img decoding=\"async\" class=\"swiper-slide-image\" src=\"https:\/\/marcelosantillanproducciones.com\/wp-content\/uploads\/2025\/01\/IMG-20250113-WA0020-300x169.jpg\" alt=\"IMG-20250113-WA0020\" \/><\/figure><\/div><div class=\"swiper-slide\" role=\"group\" aria-roledescription=\"slide\" aria-label=\"6 of 16\"><figure class=\"swiper-slide-inner\"><img decoding=\"async\" class=\"swiper-slide-image\" src=\"https:\/\/marcelosantillanproducciones.com\/wp-content\/uploads\/2025\/01\/IMG-20250113-WA0016-300x169.jpg\" alt=\"IMG-20250113-WA0016\" \/><\/figure><\/div><div class=\"swiper-slide\" role=\"group\" aria-roledescription=\"slide\" aria-label=\"7 of 16\"><figure class=\"swiper-slide-inner\"><img decoding=\"async\" class=\"swiper-slide-image\" src=\"https:\/\/marcelosantillanproducciones.com\/wp-content\/uploads\/2020\/07\/7-300x168.jpeg\" alt=\"7\" \/><\/figure><\/div><div class=\"swiper-slide\" role=\"group\" aria-roledescription=\"slide\" aria-label=\"8 of 16\"><figure class=\"swiper-slide-inner\"><img decoding=\"async\" class=\"swiper-slide-image\" src=\"https:\/\/marcelosantillanproducciones.com\/wp-content\/uploads\/2020\/07\/6-300x168.jpeg\" alt=\"6\" \/><\/figure><\/div><div class=\"swiper-slide\" role=\"group\" aria-roledescription=\"slide\" aria-label=\"9 of 16\"><figure class=\"swiper-slide-inner\"><img decoding=\"async\" class=\"swiper-slide-image\" src=\"https:\/\/marcelosantillanproducciones.com\/wp-content\/uploads\/2020\/07\/5-300x169.jpeg\" alt=\"5\" \/><\/figure><\/div><div class=\"swiper-slide\" role=\"group\" aria-roledescription=\"slide\" aria-label=\"10 of 16\"><figure class=\"swiper-slide-inner\"><img decoding=\"async\" class=\"swiper-slide-image\" src=\"https:\/\/marcelosantillanproducciones.com\/wp-content\/uploads\/2020\/07\/4-300x167.jpeg\" alt=\"4\" \/><\/figure><\/div><div class=\"swiper-slide\" role=\"group\" aria-roledescription=\"slide\" aria-label=\"11 of 16\"><figure class=\"swiper-slide-inner\"><img decoding=\"async\" class=\"swiper-slide-image\" src=\"https:\/\/marcelosantillanproducciones.com\/wp-content\/uploads\/2020\/07\/3-300x167.jpeg\" alt=\"3\" \/><\/figure><\/div><div class=\"swiper-slide\" role=\"group\" aria-roledescription=\"slide\" aria-label=\"12 of 16\"><figure class=\"swiper-slide-inner\"><img decoding=\"async\" class=\"swiper-slide-image\" src=\"https:\/\/marcelosantillanproducciones.com\/wp-content\/uploads\/2020\/07\/2-300x166.jpeg\" alt=\"2\" \/><\/figure><\/div><div class=\"swiper-slide\" role=\"group\" aria-roledescription=\"slide\" aria-label=\"13 of 16\"><figure class=\"swiper-slide-inner\"><img decoding=\"async\" class=\"swiper-slide-image\" src=\"https:\/\/marcelosantillanproducciones.com\/wp-content\/uploads\/2020\/07\/1-300x166.jpeg\" alt=\"1\" \/><\/figure><\/div><div class=\"swiper-slide\" role=\"group\" aria-roledescription=\"slide\" aria-label=\"14 of 16\"><figure class=\"swiper-slide-inner\"><img decoding=\"async\" class=\"swiper-slide-image\" src=\"https:\/\/marcelosantillanproducciones.com\/wp-content\/uploads\/2020\/07\/9-300x169.jpeg\" alt=\"9\" \/><\/figure><\/div><div class=\"swiper-slide\" role=\"group\" aria-roledescription=\"slide\" aria-label=\"15 of 16\"><figure class=\"swiper-slide-inner\"><img decoding=\"async\" class=\"swiper-slide-image\" src=\"https:\/\/marcelosantillanproducciones.com\/wp-content\/uploads\/2020\/07\/marcelo-pepo-antonio-rios-300x169.jpg\" alt=\"marcelo pepo antonio rios\" \/><\/figure><\/div><div class=\"swiper-slide\" role=\"group\" aria-roledescription=\"slide\" aria-label=\"16 of 16\"><figure class=\"swiper-slide-inner\"><img decoding=\"async\" class=\"swiper-slide-image\" src=\"https:\/\/marcelosantillanproducciones.com\/wp-content\/uploads\/2025\/01\/Fiesta-en-noche-atr-2-1-300x185.png\" alt=\"Fiesta en noche atr 2\" \/><\/figure><\/div>\t\t\t<\/div>\n\t\t\t\t\t\t\t\t\t\t\t\t<div class=\"elementor-swiper-button elementor-swiper-button-prev\" role=\"button\" tabindex=\"0\">\n\t\t\t\t\t\t<i aria-hidden=\"true\" class=\"eicon-chevron-left\"><\/i>\t\t\t\t\t<\/div>\n\t\t\t\t\t<div class=\"elementor-swiper-button elementor-swiper-button-next\" role=\"button\" tabindex=\"0\">\n\t\t\t\t\t\t<i aria-hidden=\"true\" class=\"eicon-chevron-right\"><\/i>\t\t\t\t\t<\/div>\n\t\t\t\t\n\t\t\t\t\t\t\t\t\t<\/div>\n\t\t\t\t\t\t<\/div>\n\t\t\t\t<\/div>\n\t\t\t\t<div class=\"elementor-element elementor-element-28fb119 elementor-widget elementor-widget-spacer\" data-id=\"28fb119\" data-element_type=\"widget\" data-e-type=\"widget\" data-widget_type=\"spacer.default\">\n\t\t\t\t<div class=\"elementor-widget-container\">\n\t\t\t\t\t\t\t<div class=\"elementor-spacer\">\n\t\t\t<div class=\"elementor-spacer-inner\"><\/div>\n\t\t<\/div>\n\t\t\t\t\t\t<\/div>\n\t\t\t\t<\/div>\n\t\t\t\t\t<\/div>\n\t\t<\/div>\n\t\t\t\t\t<\/div>\n\t\t<\/section>\n\t\t\t\t<\/div>\n\t\t","protected":false},"excerpt":{"rendered":"<p>MARCELO SANTILL\u00c1N PRODUCCIONES Con m\u00e1s de 15 a\u00f1os de experiencia, somos una empresa dedicada a la representaci\u00f3n de artistas y modelos. Brindamos representaci\u00f3n, producci\u00f3n y composici\u00f3n de obras teatrales y espect\u00e1culos musicales. Tambi\u00e9n ofrecemos un servicio de producci\u00f3n de contenidos televisivos. Tambi\u00e9n contamos con servicios de animaci\u00f3n de eventos con espect\u00e1culos musicales, humor, actuaci\u00f3n y [&hellip;]<\/p>\n","protected":false},"author":1,"featured_media":0,"parent":0,"menu_order":0,"comment_status":"closed","ping_status":"closed","template":"elementor_header_footer","meta":{"footnotes":""},"class_list":["post-543","page","type-page","status-publish","hentry"],"_links":{"self":[{"href":"https:\/\/marcelosantillanproducciones.com\/index.php\/wp-json\/wp\/v2\/pages\/543","targetHints":{"allow":["GET"]}}],"collection":[{"href":"https:\/\/marcelosantillanproducciones.com\/index.php\/wp-json\/wp\/v2\/pages"}],"about":[{"href":"https:\/\/marcelosantillanproducciones.com\/index.php\/wp-json\/wp\/v2\/types\/page"}],"author":[{"embeddable":true,"href":"https:\/\/marcelosantillanproducciones.com\/index.php\/wp-json\/wp\/v2\/users\/1"}],"replies":[{"embeddable":true,"href":"https:\/\/marcelosantillanproducciones.com\/index.php\/wp-json\/wp\/v2\/comments?post=543"}],"version-history":[{"count":50,"href":"https:\/\/marcelosantillanproducciones.com\/index.php\/wp-json\/wp\/v2\/pages\/543\/revisions"}],"predecessor-version":[{"id":904,"href":"https:\/\/marcelosantillanproducciones.com\/index.php\/wp-json\/wp\/v2\/pages\/543\/revisions\/904"}],"wp:attachment":[{"href":"https:\/\/marcelosantillanproducciones.com\/index.php\/wp-json\/wp\/v2\/media?parent=543"}],"curies":[{"name":"wp","href":"https:\/\/api.w.org\/{rel}","templated":true}]}}